{"id":96,"date":"2018-09-12T00:10:37","date_gmt":"2018-09-11T22:10:37","guid":{"rendered":"http:\/\/prenzlauerallee45.noblogs.org\/?page_id=96"},"modified":"2018-09-13T00:18:07","modified_gmt":"2018-09-12T22:18:07","slug":"prenzlauerberg-nachrichten-mieterprotest-in-der-prenzlauer-allee-45","status":"publish","type":"page","link":"https:\/\/prenzlauerallee45.noblogs.org\/?page_id=96","title":{"rendered":"prenzlauerberg Nachrichten: Mieterprotest in der Prenzlauer Allee 45"},"content":{"rendered":"<blockquote><p>Die Mieter des denkmalgesch\u00fctzten Hauses in der Prenzlauer Allee 45 f\u00fcrchten um ihre Wohnungen, denn das Geb\u00e4ude soll verkauft worden sein: an einen \u201eentwicklungsfreudigen Investor\u201c, wie es hei\u00dft.<\/p><\/blockquote>\n<p><a href=\"https:\/\/www.prenzlauerberg-nachrichten.de\/2017\/03\/28\/mieterprotest-in-der-prenzlauer-allee-45\/\" target=\"_blank\" rel=\"noopener\">Hier den ganzen Beitrag lesen: https:\/\/www.prenzlauerberg-nachrichten.de\/2017\/03\/28\/mieterprotest-in-der-prenzlauer-allee-45\/<\/a><\/p>\n","protected":false},"excerpt":{"rendered":"<p>Die Mieter des denkmalgesch\u00fctzten Hauses in der Prenzlauer Allee 45 f\u00fcrchten um ihre Wohnungen, denn das Geb\u00e4ude soll verkauft worden sein: an einen \u201eentwicklungsfreudigen Investor\u201c, wie es hei\u00dft. Hier den ganzen Beitrag lesen: https:\/\/www.prenzlauerberg-nachrichten.de\/2017\/03\/28\/mieterprotest-in-der-prenzlauer-allee-45\/<\/p>\n","protected":false},"author":13058,"featured_media":0,"parent":46,"menu_order":0,"comment_status":"open","ping_status":"closed","template":"","meta":{"footnotes":""},"class_list":["post-96","page","type-page","status-publish","hentry"],"_links":{"self":[{"href":"https:\/\/prenzlauerallee45.noblogs.org\/index.php?rest_route=\/wp\/v2\/pages\/96","targetHints":{"allow":["GET"]}}],"collection":[{"href":"https:\/\/prenzlauerallee45.noblogs.org\/index.php?rest_route=\/wp\/v2\/pages"}],"about":[{"href":"https:\/\/prenzlauerallee45.noblogs.org\/index.php?rest_route=\/wp\/v2\/types\/page"}],"author":[{"embeddable":true,"href":"https:\/\/prenzlauerallee45.noblogs.org\/index.php?rest_route=\/wp\/v2\/users\/13058"}],"replies":[{"embeddable":true,"href":"https:\/\/prenzlauerallee45.noblogs.org\/index.php?rest_route=%2Fwp%2Fv2%2Fcomments&post=96"}],"version-history":[{"count":1,"href":"https:\/\/prenzlauerallee45.noblogs.org\/index.php?rest_route=\/wp\/v2\/pages\/96\/revisions"}],"predecessor-version":[{"id":97,"href":"https:\/\/prenzlauerallee45.noblogs.org\/index.php?rest_route=\/wp\/v2\/pages\/96\/revisions\/97"}],"up":[{"embeddable":true,"href":"https:\/\/prenzlauerallee45.noblogs.org\/index.php?rest_route=\/wp\/v2\/pages\/46"}],"wp:attachment":[{"href":"https:\/\/prenzlauerallee45.noblogs.org\/index.php?rest_route=%2Fwp%2Fv2%2Fmedia&parent=96"}],"curies":[{"name":"wp","href":"https:\/\/api.w.org\/{rel}","templated":true}]}}