{"id":93,"date":"2018-09-12T00:05:33","date_gmt":"2018-09-11T22:05:33","guid":{"rendered":"http:\/\/prenzlauerallee45.noblogs.org\/?page_id=93"},"modified":"2018-09-13T00:18:17","modified_gmt":"2018-09-12T22:18:17","slug":"prenzlberger-stimme-exvorstand-der-schrottimmobilienfirma-grueezi-und-sein-anwalt-bitten-um-strafanzeige-der-bitte-wurde-entsprochen","status":"publish","type":"page","link":"https:\/\/prenzlauerallee45.noblogs.org\/?page_id=93","title":{"rendered":"Prenzlberger Stimme: Exvorstand der Schrottimmobilienfirma \u201cGr\u00fcezi\u201d und sein Anwalt bitten um Strafanzeige. Der Bitte wurde entsprochen"},"content":{"rendered":"<blockquote><p>Kaum stand der Text \u00fcber die Prenzlauer Allee 45\/45a online, f\u00fchlte sich der potenzielle K\u00e4ufer, den die Mieter aus guten Gr\u00fcnden nicht als Eigent\u00fcmer des Hauses haben m\u00f6chten, ganz m\u00e4chtig auf den Schlips getreten. Haupts\u00e4chlicher Anlass seines Missmutes war offensichtlich der Umstand, dass die Prenzlberger Stimme aus dessen beruflichen Vita des berichtet hatte: Nedeljko Prodanovic, so der Name des Immobilienmenschen, war n\u00e4mlich mal Vorstandsmitglied der Gr\u00fcezi Real Estate AG, ein Unternehmen, das sich mit betr\u00fcgerischen Verk\u00e4ufen von Schrottimmobilien an ahnungslose K\u00e4ufer einen Namen gemacht hatte.<\/p><\/blockquote>\n<p><a href=\"http:\/\/www.prenzlberger-stimme.de\/?p=110838\">Hier den ganzen Beitrag lesen: http:\/\/www.prenzlberger-stimme.de\/?p=110838<\/a><\/p>\n","protected":false},"excerpt":{"rendered":"<p>Kaum stand der Text \u00fcber die Prenzlauer Allee 45\/45a online, f\u00fchlte sich der potenzielle K\u00e4ufer, den die Mieter aus guten Gr\u00fcnden nicht als Eigent\u00fcmer des Hauses haben m\u00f6chten, ganz m\u00e4chtig auf den Schlips getreten. Haupts\u00e4chlicher Anlass seines Missmutes war offensichtlich &hellip; <a href=\"https:\/\/prenzlauerallee45.noblogs.org\/?page_id=93\">Weiterlesen <span class=\"meta-nav\">&rarr;<\/span><\/a><\/p>\n","protected":false},"author":13058,"featured_media":0,"parent":46,"menu_order":0,"comment_status":"open","ping_status":"closed","template":"","meta":{"footnotes":""},"class_list":["post-93","page","type-page","status-publish","hentry"],"_links":{"self":[{"href":"https:\/\/prenzlauerallee45.noblogs.org\/index.php?rest_route=\/wp\/v2\/pages\/93","targetHints":{"allow":["GET"]}}],"collection":[{"href":"https:\/\/prenzlauerallee45.noblogs.org\/index.php?rest_route=\/wp\/v2\/pages"}],"about":[{"href":"https:\/\/prenzlauerallee45.noblogs.org\/index.php?rest_route=\/wp\/v2\/types\/page"}],"author":[{"embeddable":true,"href":"https:\/\/prenzlauerallee45.noblogs.org\/index.php?rest_route=\/wp\/v2\/users\/13058"}],"replies":[{"embeddable":true,"href":"https:\/\/prenzlauerallee45.noblogs.org\/index.php?rest_route=%2Fwp%2Fv2%2Fcomments&post=93"}],"version-history":[{"count":1,"href":"https:\/\/prenzlauerallee45.noblogs.org\/index.php?rest_route=\/wp\/v2\/pages\/93\/revisions"}],"predecessor-version":[{"id":95,"href":"https:\/\/prenzlauerallee45.noblogs.org\/index.php?rest_route=\/wp\/v2\/pages\/93\/revisions\/95"}],"up":[{"embeddable":true,"href":"https:\/\/prenzlauerallee45.noblogs.org\/index.php?rest_route=\/wp\/v2\/pages\/46"}],"wp:attachment":[{"href":"https:\/\/prenzlauerallee45.noblogs.org\/index.php?rest_route=%2Fwp%2Fv2%2Fmedia&parent=93"}],"curies":[{"name":"wp","href":"https:\/\/api.w.org\/{rel}","templated":true}]}}