{"id":37,"date":"2018-09-11T21:29:30","date_gmt":"2018-09-11T19:29:30","guid":{"rendered":"http:\/\/prenzlauerallee45.noblogs.org\/?page_id=37"},"modified":"2018-09-21T22:39:27","modified_gmt":"2018-09-21T20:39:27","slug":"was-bisher-geschah","status":"publish","type":"page","link":"https:\/\/prenzlauerallee45.noblogs.org\/","title":{"rendered":"was bisher geschah"},"content":{"rendered":"<p>Bereits 2014 wurd von BV Dr. Michail Nelken (Linksfraktion) eine kleine Anfrage wegen Spekultativem Leerstand in der Prenzlauer Allee 45\/45a gestellt.<\/p>\n<p><a href=\"http:\/\/archiv.die-linke-pankow.de\/linksfraktion\/drucksachen\/vii_wahlperiode\/ka\/0689\/\">Kleine Anfrage: KA-0689\/VII<\/a><\/p>\n<p>Ende 2016 k\u00fcndigte die Hausverwaltung Klings\u00f6hr dann einen Eigent\u00fcmer- und Hausverwalterwechsel mit Wirkung zum 31.12.2016 an.<\/p>\n<p>Ab 01.01.2017 sollte die Stonehedge Beiteiligungsgesellschaft mbH neuer Eigent\u00fcmer des Hauses sein und die HV Optima GmbH die Verwaltung \u00fcbernehmen. Die Information \u00fcber den Eigent\u00fcmerwechsel, wurde ein paar Tage sp\u00e4ter jedoch widerrufen.<\/p>\n<p>Am 08.02.2017 erhielten die Mieter eine neue Vermessungsank\u00fcndigung der m2 Aufma\u00df GmbH, welche auf Grund der Vermessungsmethode (Photogrammetrie), von den meisten Mietern verweigert wurde.<\/p>\n<p>Zum 10.02.2017 wurde den Mietern dann von Notar B. Eilbrecht der Verkauf des Hauses an die Prenzlauer Allee Liegenschaften 1 GmbH (Gesch\u00e4tsf\u00fchrer: N. Prodanovic, J. Helm) mitgeteilt und \u00fcber das m\u00f6gliche Vorkaufsrecht informiert. Die in den letzten Jahren zusammengewachsene Hausgemeinschaft informierte sich umgehend bei unterschiedlichen Beratungsstellen und Beh\u00f6rden und tauschte sich bei ihren Treffen rege aus.<\/p>\n<p>Neben dem pers\u00f6nlichen Vorkaufsrecht eines jeden Mieters, wurde auch das kommunale Vorkaufsrecht nicht ausgeschlossen und mehrfach bei der BVV vorgesprochen, leider ohne Erfolg.<\/p>\n<p>Anfang August 2017 gab es eine weitere kleine Anfrage der Linksfraktion.<\/p>\n<p><a href=\"https:\/\/preview47521.die-linke-berlin.de\/nc\/drucksachen\/kleine-anfragen\/detail\/news\/wohnhaus-prenzlauer-allee-4545a\/\">Kleine Anfrage: KA-0169\/VIII<\/a><\/p>\n<p>Im August 2017 stellte sich der neue Eigent\u00fcmer den Mietern schriftlich vor. Nur 6 der Altmieter hatten zu diesem Zeitpunkt von ihrem Vorkaufsrecht gebraucht gemacht.<\/p>\n<p>Anfang Oktober 2017 gab es eine Information, dass der Verkauf der leerstehenden Wohn- und Gewerbeeinheiten durch die Vandenberg Immoconsult GmbH begonnen hat. Bis zum Verkauf der seit Jahren vermieteten Wohnungen, war es also nur noch eine Frage der Zeit.<\/p>\n<p>Mitte Oktober dann folgende Information seitens der neuen Hausverwaltung.<\/p>\n<p><img loading=\"lazy\" decoding=\"async\" class=\"aligncenter size-full wp-image-119\" src=\"https:\/\/prenzlauerallee45.noblogs.org\/files\/2018\/09\/Sicherheitsdienst1.jpg\" alt=\"\" width=\"655\" height=\"927\" srcset=\"https:\/\/prenzlauerallee45.noblogs.org\/files\/2018\/09\/Sicherheitsdienst1.jpg 655w, https:\/\/prenzlauerallee45.noblogs.org\/files\/2018\/09\/Sicherheitsdienst1-212x300.jpg 212w\" sizes=\"auto, (max-width: 655px) 100vw, 655px\" \/><\/p>\n<p>Das der neue Eigent\u00fcmer nach dem Kauf des Hauses schnellstm\u00f6glich modernisieren m\u00f6chte, war allen Mietern von Anfang an klar. Statt wichtiger Instandsetzungsarbeiten zu beantragen und umzusetzen, hat ein Neubau des Dachgeschosses und das anbringen von Balkonen und Fahrstuhl Vorrang, wie dem Schreiben der Mieterberatung Prenzlauer Berg zu entnehmen ist.<\/p>\n<p><img loading=\"lazy\" decoding=\"async\" class=\"aligncenter size-full wp-image-127\" src=\"https:\/\/prenzlauerallee45.noblogs.org\/files\/2018\/09\/Bauantrag1-1.jpg\" alt=\"\" width=\"650\" height=\"920\" srcset=\"https:\/\/prenzlauerallee45.noblogs.org\/files\/2018\/09\/Bauantrag1-1.jpg 650w, https:\/\/prenzlauerallee45.noblogs.org\/files\/2018\/09\/Bauantrag1-1-212x300.jpg 212w\" sizes=\"auto, (max-width: 650px) 100vw, 650px\" \/><\/p>\n<p>Demn\u00e4chst mehr&#8230;<\/p>\n","protected":false},"excerpt":{"rendered":"<p>Bereits 2014 wurd von BV Dr. Michail Nelken (Linksfraktion) eine kleine Anfrage wegen Spekultativem Leerstand in der Prenzlauer Allee 45\/45a gestellt. Kleine Anfrage: KA-0689\/VII Ende 2016 k\u00fcndigte die Hausverwaltung Klings\u00f6hr dann einen Eigent\u00fcmer- und Hausverwalterwechsel mit Wirkung zum 31.12.2016 an. &hellip; <a href=\"https:\/\/prenzlauerallee45.noblogs.org\/\">Weiterlesen <span class=\"meta-nav\">&rarr;<\/span><\/a><\/p>\n","protected":false},"author":13058,"featured_media":0,"parent":0,"menu_order":0,"comment_status":"open","ping_status":"closed","template":"","meta":{"footnotes":""},"class_list":["post-37","page","type-page","status-publish","hentry"],"_links":{"self":[{"href":"https:\/\/prenzlauerallee45.noblogs.org\/index.php?rest_route=\/wp\/v2\/pages\/37","targetHints":{"allow":["GET"]}}],"collection":[{"href":"https:\/\/prenzlauerallee45.noblogs.org\/index.php?rest_route=\/wp\/v2\/pages"}],"about":[{"href":"https:\/\/prenzlauerallee45.noblogs.org\/index.php?rest_route=\/wp\/v2\/types\/page"}],"author":[{"embeddable":true,"href":"https:\/\/prenzlauerallee45.noblogs.org\/index.php?rest_route=\/wp\/v2\/users\/13058"}],"replies":[{"embeddable":true,"href":"https:\/\/prenzlauerallee45.noblogs.org\/index.php?rest_route=%2Fwp%2Fv2%2Fcomments&post=37"}],"version-history":[{"count":15,"href":"https:\/\/prenzlauerallee45.noblogs.org\/index.php?rest_route=\/wp\/v2\/pages\/37\/revisions"}],"predecessor-version":[{"id":141,"href":"https:\/\/prenzlauerallee45.noblogs.org\/index.php?rest_route=\/wp\/v2\/pages\/37\/revisions\/141"}],"wp:attachment":[{"href":"https:\/\/prenzlauerallee45.noblogs.org\/index.php?rest_route=%2Fwp%2Fv2%2Fmedia&parent=37"}],"curies":[{"name":"wp","href":"https:\/\/api.w.org\/{rel}","templated":true}]}}