{"id":30,"date":"2018-09-11T21:21:17","date_gmt":"2018-09-11T19:21:17","guid":{"rendered":"http:\/\/prenzlauerallee45.noblogs.org\/?page_id=30"},"modified":"2018-09-13T00:19:15","modified_gmt":"2018-09-12T22:19:15","slug":"galerie","status":"publish","type":"page","link":"https:\/\/prenzlauerallee45.noblogs.org\/?page_id=30","title":{"rendered":"Galerie"},"content":{"rendered":"<ul>\n<li><a href=\"https:\/\/prenzlauerallee45.noblogs.org\/?page_id=60\">Banner basteln<\/a><\/li>\n<li><a href=\"https:\/\/prenzlauerallee45.noblogs.org\/?page_id=88\">B\u00fcrgersprechstunde bei S\u00f6ren Benn<\/a><\/li>\n<li><a href=\"https:\/\/prenzlauerallee45.noblogs.org\/?page_id=76\">Banner aufh\u00e4ngen<\/a><\/li>\n<li><a href=\"https:\/\/prenzlauerallee45.noblogs.org\/?page_id=113\">Videos der Bannerh\u00e4ngung<\/a><\/li>\n<\/ul>\n","protected":false},"excerpt":{"rendered":"<p>Banner basteln B\u00fcrgersprechstunde bei S\u00f6ren Benn Banner aufh\u00e4ngen Videos der Bannerh\u00e4ngung<\/p>\n","protected":false},"author":13058,"featured_media":0,"parent":0,"menu_order":0,"comment_status":"open","ping_status":"closed","template":"","meta":{"footnotes":""},"class_list":["post-30","page","type-page","status-publish","hentry"],"_links":{"self":[{"href":"https:\/\/prenzlauerallee45.noblogs.org\/index.php?rest_route=\/wp\/v2\/pages\/30","targetHints":{"allow":["GET"]}}],"collection":[{"href":"https:\/\/prenzlauerallee45.noblogs.org\/index.php?rest_route=\/wp\/v2\/pages"}],"about":[{"href":"https:\/\/prenzlauerallee45.noblogs.org\/index.php?rest_route=\/wp\/v2\/types\/page"}],"author":[{"embeddable":true,"href":"https:\/\/prenzlauerallee45.noblogs.org\/index.php?rest_route=\/wp\/v2\/users\/13058"}],"replies":[{"embeddable":true,"href":"https:\/\/prenzlauerallee45.noblogs.org\/index.php?rest_route=%2Fwp%2Fv2%2Fcomments&post=30"}],"version-history":[{"count":4,"href":"https:\/\/prenzlauerallee45.noblogs.org\/index.php?rest_route=\/wp\/v2\/pages\/30\/revisions"}],"predecessor-version":[{"id":132,"href":"https:\/\/prenzlauerallee45.noblogs.org\/index.php?rest_route=\/wp\/v2\/pages\/30\/revisions\/132"}],"wp:attachment":[{"href":"https:\/\/prenzlauerallee45.noblogs.org\/index.php?rest_route=%2Fwp%2Fv2%2Fmedia&parent=30"}],"curies":[{"name":"wp","href":"https:\/\/api.w.org\/{rel}","templated":true}]}}